{"id":627,"date":"2025-01-27T18:16:14","date_gmt":"2025-01-27T18:16:14","guid":{"rendered":"https:\/\/hotel-software.io\/inicio\/"},"modified":"2026-03-16T14:28:28","modified_gmt":"2026-03-16T14:28:28","slug":"inicio","status":"publish","type":"page","link":"https:\/\/hotel-software.io\/es\/","title":{"rendered":"Inicio"},"content":{"rendered":"\t\t<div data-elementor-type=\"wp-page\" data-elementor-id=\"627\" class=\"elementor elementor-627 elementor-132\" data-elementor-post-type=\"page\">\n\t\t\t\t<div class=\"elementor-element elementor-element-9c1766a e-flex e-con-boxed e-con e-parent\" data-id=\"9c1766a\" data-element_type=\"container\" data-e-type=\"container\">\n\t\t\t\t\t<div class=\"e-con-inner\">\n\t\t<div class=\"elementor-element elementor-element-9db0c58 e-con-full e-flex e-con e-child\" data-id=\"9db0c58\" data-element_type=\"container\" data-e-type=\"container\">\n\t\t\t\t<div class=\"elementor-element elementor-element-cbb66e5 elementor-grid-3 elementor-grid-tablet-2 elementor-grid-mobile-1 elementor-posts--thumbnail-top elementor-posts--show-avatar elementor-card-shadow-yes elementor-posts__hover-gradient elementor-widget elementor-widget-posts\" data-id=\"cbb66e5\" data-element_type=\"widget\" data-e-type=\"widget\" data-settings=\"{&quot;pagination_type&quot;:&quot;numbers&quot;,&quot;cards_columns&quot;:&quot;3&quot;,&quot;cards_columns_tablet&quot;:&quot;2&quot;,&quot;cards_columns_mobile&quot;:&quot;1&quot;,&quot;cards_row_gap&quot;:{&quot;unit&quot;:&quot;px&quot;,&quot;size&quot;:35,&quot;sizes&quot;:[]},&quot;cards_row_gap_tablet&quot;:{&quot;unit&quot;:&quot;px&quot;,&quot;size&quot;:&quot;&quot;,&quot;sizes&quot;:[]},&quot;cards_row_gap_mobile&quot;:{&quot;unit&quot;:&quot;px&quot;,&quot;size&quot;:&quot;&quot;,&quot;sizes&quot;:[]}}\" data-widget_type=\"posts.cards\">\n\t\t\t\t<div class=\"elementor-widget-container\">\n\t\t\t\t\t\t\t<div class=\"elementor-posts-container elementor-posts elementor-posts--skin-cards elementor-grid\" role=\"list\">\n\t\t\t\t<article class=\"elementor-post elementor-grid-item post-660 post type-post status-publish format-standard has-post-thumbnail hentry category-industria-hotelera\" role=\"listitem\">\n\t\t\t<div class=\"elementor-post__card\">\n\t\t\t\t<a class=\"elementor-post__thumbnail__link\" href=\"https:\/\/hotel-software.io\/es\/mejor-pms-hotelero-channel-manager\/\" tabindex=\"-1\"><div class=\"elementor-post__thumbnail\"><img fetchpriority=\"high\" decoding=\"async\" width=\"768\" height=\"429\" src=\"https:\/\/hotel-software.io\/wp-content\/uploads\/2026\/04\/image.png_202604301247-768x429.jpeg\" class=\"attachment-medium_large size-medium_large wp-image-656\" alt=\"Mejor PMS hotelero con channel manager integrado para hoteles independientes (2026)\" srcset=\"https:\/\/hotel-software.io\/wp-content\/uploads\/2026\/04\/image.png_202604301247-768x429.jpeg 768w, https:\/\/hotel-software.io\/wp-content\/uploads\/2026\/04\/image.png_202604301247-300x167.jpeg 300w, https:\/\/hotel-software.io\/wp-content\/uploads\/2026\/04\/image.png_202604301247-1024x572.jpeg 1024w, https:\/\/hotel-software.io\/wp-content\/uploads\/2026\/04\/image.png_202604301247.jpeg 1376w\" sizes=\"(max-width: 768px) 100vw, 768px\" \/><\/div><\/a>\n\t\t\t\t<div class=\"elementor-post__badge\">industria hotelera<\/div>\n\t\t\t\t<div class=\"elementor-post__avatar\">\n\t\t\t<img decoding=\"async\" src=\"https:\/\/hotel-software.io\/wp-content\/uploads\/2026\/02\/Brown-Abstract-Simple-Twitter-Profile-Picture-150x150.png\" width=\"128\" height=\"128\" srcset=\"https:\/\/hotel-software.io\/wp-content\/uploads\/2026\/02\/Brown-Abstract-Simple-Twitter-Profile-Picture-300x300.png 2x\" alt=\"M Mandeb\" class=\"avatar avatar-128 wp-user-avatar wp-user-avatar-128 alignnone photo\" \/>\t\t<\/div>\n\t\t\t\t<div class=\"elementor-post__text\">\n\t\t\t\t<h2 class=\"elementor-post__title\">\n\t\t\t<a href=\"https:\/\/hotel-software.io\/es\/mejor-pms-hotelero-channel-manager\/\">\n\t\t\t\tMejor PMS hotelero con channel manager integrado para hoteles independientes (2026)\t\t\t<\/a>\n\t\t<\/h2>\n\t\t\t\t<div class=\"elementor-post__excerpt\">\n\t\t\t<p>Last updated: April 30, 2026 Mejor PMS hotelero con channel manager integrado para hoteles independientes (2026) Gestionar la distribuci\u00f3n de<\/p>\n\t\t<\/div>\n\t\t\n\t\t<a class=\"elementor-post__read-more\" href=\"https:\/\/hotel-software.io\/es\/mejor-pms-hotelero-channel-manager\/\" aria-label=\"M\u00e1s informaci\u00f3n sobre Mejor PMS hotelero con channel manager integrado para hoteles independientes (2026)\" tabindex=\"-1\">\n\t\t\tLeer m\u00e1s \u00bb\t\t<\/a>\n\n\t\t\t\t<\/div>\n\t\t\t\t<div class=\"elementor-post__meta-data\">\n\t\t\t\t\t<span class=\"elementor-post-date\">\n\t\t\tabril 30, 2026\t\t<\/span>\n\t\t\t\t<span class=\"elementor-post-avatar\">\n\t\t\tNo hay comentarios\t\t<\/span>\n\t\t\t\t<\/div>\n\t\t\t\t\t<\/div>\n\t\t<\/article>\n\t\t\t\t<article class=\"elementor-post elementor-grid-item post-645 post type-post status-publish format-standard has-post-thumbnail hentry category-industria-hotelera category-sin-categoria\" role=\"listitem\">\n\t\t\t<div class=\"elementor-post__card\">\n\t\t\t\t<a class=\"elementor-post__thumbnail__link\" href=\"https:\/\/hotel-software.io\/es\/revenue-management-hoteles-pequenos-2026\/\" tabindex=\"-1\"><div class=\"elementor-post__thumbnail\"><img decoding=\"async\" width=\"768\" height=\"512\" src=\"https:\/\/hotel-software.io\/wp-content\/uploads\/2026\/04\/20260410_1653_Image-Generation_remix_01knwf8w22fsc9q7cc9cq8pzax-768x512.png\" class=\"attachment-medium_large size-medium_large wp-image-643\" alt=\"revenue management para hotel peque\u00f1o que muestra gr\u00e1ficos de ocupaci\u00f3n y tendencias de precios\" srcset=\"https:\/\/hotel-software.io\/wp-content\/uploads\/2026\/04\/20260410_1653_Image-Generation_remix_01knwf8w22fsc9q7cc9cq8pzax-768x512.png 768w, https:\/\/hotel-software.io\/wp-content\/uploads\/2026\/04\/20260410_1653_Image-Generation_remix_01knwf8w22fsc9q7cc9cq8pzax-300x200.png 300w, https:\/\/hotel-software.io\/wp-content\/uploads\/2026\/04\/20260410_1653_Image-Generation_remix_01knwf8w22fsc9q7cc9cq8pzax-1024x683.png 1024w, https:\/\/hotel-software.io\/wp-content\/uploads\/2026\/04\/20260410_1653_Image-Generation_remix_01knwf8w22fsc9q7cc9cq8pzax.png 1536w\" sizes=\"(max-width: 768px) 100vw, 768px\" \/><\/div><\/a>\n\t\t\t\t<div class=\"elementor-post__badge\">industria hotelera<\/div>\n\t\t\t\t<div class=\"elementor-post__avatar\">\n\t\t\t<img decoding=\"async\" src=\"https:\/\/hotel-software.io\/wp-content\/uploads\/2026\/02\/Brown-Abstract-Simple-Twitter-Profile-Picture-150x150.png\" width=\"128\" height=\"128\" srcset=\"https:\/\/hotel-software.io\/wp-content\/uploads\/2026\/02\/Brown-Abstract-Simple-Twitter-Profile-Picture-300x300.png 2x\" alt=\"M Mandeb\" class=\"avatar avatar-128 wp-user-avatar wp-user-avatar-128 alignnone photo\" \/>\t\t<\/div>\n\t\t\t\t<div class=\"elementor-post__text\">\n\t\t\t\t<h2 class=\"elementor-post__title\">\n\t\t\t<a href=\"https:\/\/hotel-software.io\/es\/revenue-management-hoteles-pequenos-2026\/\">\n\t\t\t\tSoftware de Revenue Management para Hoteles Peque\u00f1os: Mejores opciones en 2026Small Hotel Revenue Management Software: Best Options in 2026\t\t\t<\/a>\n\t\t<\/h2>\n\t\t\t\t<div class=\"elementor-post__excerpt\">\n\t\t\t<p>Gu\u00eda completa para elegir el mejor sistema de precios para hoteles boutique, apart-hoteles, hostels y alojamientos independientes de hasta 80<\/p>\n\t\t<\/div>\n\t\t\n\t\t<a class=\"elementor-post__read-more\" href=\"https:\/\/hotel-software.io\/es\/revenue-management-hoteles-pequenos-2026\/\" aria-label=\"M\u00e1s informaci\u00f3n sobre Software de Revenue Management para Hoteles Peque\u00f1os: Mejores opciones en 2026Small Hotel Revenue Management Software: Best Options in 2026\" tabindex=\"-1\">\n\t\t\tLeer m\u00e1s \u00bb\t\t<\/a>\n\n\t\t\t\t<\/div>\n\t\t\t\t<div class=\"elementor-post__meta-data\">\n\t\t\t\t\t<span class=\"elementor-post-date\">\n\t\t\tabril 10, 2026\t\t<\/span>\n\t\t\t\t<span class=\"elementor-post-avatar\">\n\t\t\tNo hay comentarios\t\t<\/span>\n\t\t\t\t<\/div>\n\t\t\t\t\t<\/div>\n\t\t<\/article>\n\t\t\t\t<article class=\"elementor-post elementor-grid-item post-609 post type-post status-publish format-standard has-post-thumbnail hentry category-tools\" role=\"listitem\">\n\t\t\t<div class=\"elementor-post__card\">\n\t\t\t\t<a class=\"elementor-post__thumbnail__link\" href=\"https:\/\/hotel-software.io\/es\/software-hotelero-minihotel-littlehotelier\/\" tabindex=\"-1\"><div class=\"elementor-post__thumbnail\"><img loading=\"lazy\" decoding=\"async\" width=\"768\" height=\"512\" src=\"https:\/\/hotel-software.io\/wp-content\/uploads\/2026\/03\/20260316_0946_Image-Generation_remix_01kkvawnewejvsa5b8njzvhyay-768x512.png\" class=\"attachment-medium_large size-medium_large wp-image-617\" alt=\"Software hotelero\" srcset=\"https:\/\/hotel-software.io\/wp-content\/uploads\/2026\/03\/20260316_0946_Image-Generation_remix_01kkvawnewejvsa5b8njzvhyay-768x512.png 768w, https:\/\/hotel-software.io\/wp-content\/uploads\/2026\/03\/20260316_0946_Image-Generation_remix_01kkvawnewejvsa5b8njzvhyay-300x200.png 300w, https:\/\/hotel-software.io\/wp-content\/uploads\/2026\/03\/20260316_0946_Image-Generation_remix_01kkvawnewejvsa5b8njzvhyay-1024x683.png 1024w, https:\/\/hotel-software.io\/wp-content\/uploads\/2026\/03\/20260316_0946_Image-Generation_remix_01kkvawnewejvsa5b8njzvhyay.png 1536w\" sizes=\"(max-width: 768px) 100vw, 768px\" \/><\/div><\/a>\n\t\t\t\t<div class=\"elementor-post__badge\">Tools<\/div>\n\t\t\t\t<div class=\"elementor-post__avatar\">\n\t\t\t<img loading=\"lazy\" decoding=\"async\" src=\"https:\/\/hotel-software.io\/wp-content\/uploads\/2026\/03\/Beige-and-White-Twitter-Profile-Picture-150x150.png\" width=\"128\" height=\"128\" srcset=\"https:\/\/hotel-software.io\/wp-content\/uploads\/2026\/03\/Beige-and-White-Twitter-Profile-Picture-300x300.png 2x\" alt=\"Bruna Vita\" class=\"avatar avatar-128 wp-user-avatar wp-user-avatar-128 alignnone photo\" \/>\t\t<\/div>\n\t\t\t\t<div class=\"elementor-post__text\">\n\t\t\t\t<h2 class=\"elementor-post__title\">\n\t\t\t<a href=\"https:\/\/hotel-software.io\/es\/software-hotelero-minihotel-littlehotelier\/\">\n\t\t\t\tSoftware hotelero: comparativa entre MiniHotel vs Little Hotelier, \u00bfcu\u00e1l conviene m\u00e1s para hoteles en Am\u00e9rica Latina?\t\t\t<\/a>\n\t\t<\/h2>\n\t\t\t\t<div class=\"elementor-post__excerpt\">\n\t\t\t<p>software hotelero MiniHotel vs Little Hotelier: \u00bfcu\u00e1l conviene m\u00e1s para hoteles en Am\u00e9rica Latina? Si est\u00e1s buscando un PMS para<\/p>\n\t\t<\/div>\n\t\t\n\t\t<a class=\"elementor-post__read-more\" href=\"https:\/\/hotel-software.io\/es\/software-hotelero-minihotel-littlehotelier\/\" aria-label=\"M\u00e1s informaci\u00f3n sobre Software hotelero: comparativa entre MiniHotel vs Little Hotelier, \u00bfcu\u00e1l conviene m\u00e1s para hoteles en Am\u00e9rica Latina?\" tabindex=\"-1\">\n\t\t\tLeer m\u00e1s \u00bb\t\t<\/a>\n\n\t\t\t\t<\/div>\n\t\t\t\t<div class=\"elementor-post__meta-data\">\n\t\t\t\t\t<span class=\"elementor-post-date\">\n\t\t\tmarzo 16, 2026\t\t<\/span>\n\t\t\t\t<span class=\"elementor-post-avatar\">\n\t\t\tNo hay comentarios\t\t<\/span>\n\t\t\t\t<\/div>\n\t\t\t\t\t<\/div>\n\t\t<\/article>\n\t\t\t\t<article class=\"elementor-post elementor-grid-item post-604 post type-post status-publish format-standard has-post-thumbnail hentry category-tools\" role=\"listitem\">\n\t\t\t<div class=\"elementor-post__card\">\n\t\t\t\t<a class=\"elementor-post__thumbnail__link\" href=\"https:\/\/hotel-software.io\/es\/tools\/software-para-hoteles-pequenos-2026\/\" tabindex=\"-1\"><div class=\"elementor-post__thumbnail\"><img loading=\"lazy\" decoding=\"async\" width=\"768\" height=\"512\" src=\"https:\/\/hotel-software.io\/wp-content\/uploads\/2025\/01\/20260309_1030_Pastel-Boutique-Dashboard_simple_compose_01kk9cmc4mejyv8k4r50sx3b20-768x512.png\" class=\"attachment-medium_large size-medium_large wp-image-602\" alt=\"concepto de panel de software PMS para hoteles peque\u00f1os y hoteles boutique\" srcset=\"https:\/\/hotel-software.io\/wp-content\/uploads\/2025\/01\/20260309_1030_Pastel-Boutique-Dashboard_simple_compose_01kk9cmc4mejyv8k4r50sx3b20-768x512.png 768w, https:\/\/hotel-software.io\/wp-content\/uploads\/2025\/01\/20260309_1030_Pastel-Boutique-Dashboard_simple_compose_01kk9cmc4mejyv8k4r50sx3b20-300x200.png 300w, https:\/\/hotel-software.io\/wp-content\/uploads\/2025\/01\/20260309_1030_Pastel-Boutique-Dashboard_simple_compose_01kk9cmc4mejyv8k4r50sx3b20-1024x683.png 1024w, https:\/\/hotel-software.io\/wp-content\/uploads\/2025\/01\/20260309_1030_Pastel-Boutique-Dashboard_simple_compose_01kk9cmc4mejyv8k4r50sx3b20.png 1536w\" sizes=\"(max-width: 768px) 100vw, 768px\" \/><\/div><\/a>\n\t\t\t\t<div class=\"elementor-post__badge\">Tools<\/div>\n\t\t\t\t<div class=\"elementor-post__avatar\">\n\t\t\t<img loading=\"lazy\" decoding=\"async\" src=\"https:\/\/hotel-software.io\/wp-content\/uploads\/2026\/03\/Beige-and-White-Twitter-Profile-Picture-1-150x150.png\" width=\"128\" height=\"128\" srcset=\"https:\/\/hotel-software.io\/wp-content\/uploads\/2026\/03\/Beige-and-White-Twitter-Profile-Picture-1-300x300.png 2x\" alt=\"Alex Millian\" class=\"avatar avatar-128 wp-user-avatar wp-user-avatar-128 alignnone photo\" \/>\t\t<\/div>\n\t\t\t\t<div class=\"elementor-post__text\">\n\t\t\t\t<h2 class=\"elementor-post__title\">\n\t\t\t<a href=\"https:\/\/hotel-software.io\/es\/tools\/software-para-hoteles-pequenos-2026\/\">\n\t\t\t\tMejor software para hoteles peque\u00f1os en 2026 | Top PMS para hoteles independientes\t\t\t<\/a>\n\t\t<\/h2>\n\t\t\t\t<div class=\"elementor-post__excerpt\">\n\t\t\t<p>He recopilado cuidadosamente una selecci\u00f3n de las soluciones de software de gesti\u00f3n hotelera para peque\u00f1os alojamientos m\u00e1s eficaces, pensadas para simplificar las operaciones y ayudar a los hoteleros a mejorar el rendimiento de su negocio. Estas herramientas est\u00e1n dise\u00f1adas para responder a las necesidades espec\u00edficas de hoteles peque\u00f1os y alojamientos independientes, permiti\u00e9ndoles competir con mayor eficacia en una industria cada vez m\u00e1s exigente.<br \/>Despu\u00e9s de analizar diferentes opciones, estas son mis 10 principales recomendaciones: <\/p>\n\t\t<\/div>\n\t\t\n\t\t<a class=\"elementor-post__read-more\" href=\"https:\/\/hotel-software.io\/es\/tools\/software-para-hoteles-pequenos-2026\/\" aria-label=\"M\u00e1s informaci\u00f3n sobre Mejor software para hoteles peque\u00f1os en 2026 | Top PMS para hoteles independientes\" tabindex=\"-1\">\n\t\t\tLeer m\u00e1s \u00bb\t\t<\/a>\n\n\t\t\t\t<\/div>\n\t\t\t\t<div class=\"elementor-post__meta-data\">\n\t\t\t\t\t<span class=\"elementor-post-date\">\n\t\t\tmarzo 8, 2026\t\t<\/span>\n\t\t\t\t<span class=\"elementor-post-avatar\">\n\t\t\tNo hay comentarios\t\t<\/span>\n\t\t\t\t<\/div>\n\t\t\t\t\t<\/div>\n\t\t<\/article>\n\t\t\t\t<article class=\"elementor-post elementor-grid-item post-577 post type-post status-publish format-standard has-post-thumbnail hentry category-industria-hotelera tag-hospitality-conferences tag-hospitality-events-2026 tag-hotel-conferences-2026 tag-hotel-industry-events tag-tourism-conferences tag-travel-industry-events tag-travel-trade-shows\" role=\"listitem\">\n\t\t\t<div class=\"elementor-post__card\">\n\t\t\t\t<a class=\"elementor-post__thumbnail__link\" href=\"https:\/\/hotel-software.io\/es\/tools\/eventos-hoteleria-turismo-2026\/\" tabindex=\"-1\"><div class=\"elementor-post__thumbnail\"><img loading=\"lazy\" decoding=\"async\" width=\"768\" height=\"512\" src=\"https:\/\/hotel-software.io\/wp-content\/uploads\/2026\/02\/20260219_1301_Image-Generation_remix_01khva3sdnf2atm0k6eajs4jkz-768x512.png\" class=\"attachment-medium_large size-medium_large wp-image-574\" alt=\"20 eventos de hoteleria\" srcset=\"https:\/\/hotel-software.io\/wp-content\/uploads\/2026\/02\/20260219_1301_Image-Generation_remix_01khva3sdnf2atm0k6eajs4jkz-768x512.png 768w, https:\/\/hotel-software.io\/wp-content\/uploads\/2026\/02\/20260219_1301_Image-Generation_remix_01khva3sdnf2atm0k6eajs4jkz-300x200.png 300w, https:\/\/hotel-software.io\/wp-content\/uploads\/2026\/02\/20260219_1301_Image-Generation_remix_01khva3sdnf2atm0k6eajs4jkz-1024x683.png 1024w, https:\/\/hotel-software.io\/wp-content\/uploads\/2026\/02\/20260219_1301_Image-Generation_remix_01khva3sdnf2atm0k6eajs4jkz.png 1536w\" sizes=\"(max-width: 768px) 100vw, 768px\" \/><\/div><\/a>\n\t\t\t\t<div class=\"elementor-post__badge\">industria hotelera<\/div>\n\t\t\t\t<div class=\"elementor-post__avatar\">\n\t\t\t<img loading=\"lazy\" decoding=\"async\" src=\"https:\/\/hotel-software.io\/wp-content\/uploads\/2026\/03\/Beige-and-White-Twitter-Profile-Picture-1-150x150.png\" width=\"128\" height=\"128\" srcset=\"https:\/\/hotel-software.io\/wp-content\/uploads\/2026\/03\/Beige-and-White-Twitter-Profile-Picture-1-300x300.png 2x\" alt=\"Alex Millian\" class=\"avatar avatar-128 wp-user-avatar wp-user-avatar-128 alignnone photo\" \/>\t\t<\/div>\n\t\t\t\t<div class=\"elementor-post__text\">\n\t\t\t\t<h2 class=\"elementor-post__title\">\n\t\t\t<a href=\"https:\/\/hotel-software.io\/es\/tools\/eventos-hoteleria-turismo-2026\/\">\n\t\t\t\tEventos de hoteler\u00eda y turismo en 2026: 20 congresos, ferias y conferencias clave\t\t\t<\/a>\n\t\t<\/h2>\n\t\t\t\t<div class=\"elementor-post__excerpt\">\n\t\t\t<p>\u00daltima actualizaci\u00f3n: 19 de febrero de 2026 Congresos hoteleros 2026: eventos clave que deber\u00edas conocer Si est\u00e1s buscando congresos hoteleros<\/p>\n\t\t<\/div>\n\t\t\n\t\t<a class=\"elementor-post__read-more\" href=\"https:\/\/hotel-software.io\/es\/tools\/eventos-hoteleria-turismo-2026\/\" aria-label=\"M\u00e1s informaci\u00f3n sobre Eventos de hoteler\u00eda y turismo en 2026: 20 congresos, ferias y conferencias clave\" tabindex=\"-1\">\n\t\t\tLeer m\u00e1s \u00bb\t\t<\/a>\n\n\t\t\t\t<\/div>\n\t\t\t\t<div class=\"elementor-post__meta-data\">\n\t\t\t\t\t<span class=\"elementor-post-date\">\n\t\t\tfebrero 19, 2026\t\t<\/span>\n\t\t\t\t<span class=\"elementor-post-avatar\">\n\t\t\tNo hay comentarios\t\t<\/span>\n\t\t\t\t<\/div>\n\t\t\t\t\t<\/div>\n\t\t<\/article>\n\t\t\t\t<article class=\"elementor-post elementor-grid-item post-536 post type-post status-publish format-standard has-post-thumbnail hentry category-tools\" role=\"listitem\">\n\t\t\t<div class=\"elementor-post__card\">\n\t\t\t\t<a class=\"elementor-post__thumbnail__link\" href=\"https:\/\/hotel-software.io\/es\/mejor-software-alquiler-temporario-2026\/\" tabindex=\"-1\"><div class=\"elementor-post__thumbnail\"><img loading=\"lazy\" decoding=\"async\" width=\"768\" height=\"512\" src=\"https:\/\/hotel-software.io\/wp-content\/uploads\/2026\/02\/20260210_1651_Image-Generation_simple_compose_01kh4hphz8faa922jgbmswsq54-768x512.png\" class=\"attachment-medium_large size-medium_large wp-image-534\" alt=\"Software para alquileres temporarios\" srcset=\"https:\/\/hotel-software.io\/wp-content\/uploads\/2026\/02\/20260210_1651_Image-Generation_simple_compose_01kh4hphz8faa922jgbmswsq54-768x512.png 768w, https:\/\/hotel-software.io\/wp-content\/uploads\/2026\/02\/20260210_1651_Image-Generation_simple_compose_01kh4hphz8faa922jgbmswsq54-300x200.png 300w, https:\/\/hotel-software.io\/wp-content\/uploads\/2026\/02\/20260210_1651_Image-Generation_simple_compose_01kh4hphz8faa922jgbmswsq54-1024x683.png 1024w, https:\/\/hotel-software.io\/wp-content\/uploads\/2026\/02\/20260210_1651_Image-Generation_simple_compose_01kh4hphz8faa922jgbmswsq54.png 1536w\" sizes=\"(max-width: 768px) 100vw, 768px\" \/><\/div><\/a>\n\t\t\t\t<div class=\"elementor-post__badge\">Tools<\/div>\n\t\t\t\t<div class=\"elementor-post__avatar\">\n\t\t\t<img decoding=\"async\" src=\"https:\/\/hotel-software.io\/wp-content\/uploads\/2026\/02\/Brown-Abstract-Simple-Twitter-Profile-Picture-150x150.png\" width=\"128\" height=\"128\" srcset=\"https:\/\/hotel-software.io\/wp-content\/uploads\/2026\/02\/Brown-Abstract-Simple-Twitter-Profile-Picture-300x300.png 2x\" alt=\"M Mandeb\" class=\"avatar avatar-128 wp-user-avatar wp-user-avatar-128 alignnone photo\" \/>\t\t<\/div>\n\t\t\t\t<div class=\"elementor-post__text\">\n\t\t\t\t<h2 class=\"elementor-post__title\">\n\t\t\t<a href=\"https:\/\/hotel-software.io\/es\/mejor-software-alquiler-temporario-2026\/\">\n\t\t\t\tMejores softwares para alquiler temporario: c\u00f3mo sincronizar calendarios OTA y automatizar accesos para evitar overbooking en 2026\t\t\t<\/a>\n\t\t<\/h2>\n\t\t\t\t<div class=\"elementor-post__excerpt\">\n\t\t\t<p>Mejores softwares para alquiler temporario El mercado de alquiler temporario en Am\u00e9rica Latina evolucion\u00f3 r\u00e1pidamente en los \u00faltimos a\u00f1os. Lo<\/p>\n\t\t<\/div>\n\t\t\n\t\t<a class=\"elementor-post__read-more\" href=\"https:\/\/hotel-software.io\/es\/mejor-software-alquiler-temporario-2026\/\" aria-label=\"M\u00e1s informaci\u00f3n sobre Mejores softwares para alquiler temporario: c\u00f3mo sincronizar calendarios OTA y automatizar accesos para evitar overbooking en 2026\" tabindex=\"-1\">\n\t\t\tLeer m\u00e1s \u00bb\t\t<\/a>\n\n\t\t\t\t<\/div>\n\t\t\t\t<div class=\"elementor-post__meta-data\">\n\t\t\t\t\t<span class=\"elementor-post-date\">\n\t\t\tfebrero 11, 2026\t\t<\/span>\n\t\t\t\t<span class=\"elementor-post-avatar\">\n\t\t\t1 comentario\t\t<\/span>\n\t\t\t\t<\/div>\n\t\t\t\t\t<\/div>\n\t\t<\/article>\n\t\t\t\t<\/div>\n\t\t\n\t\t\t\t<div class=\"e-load-more-anchor\" data-page=\"1\" data-max-page=\"2\" data-next-page=\"https:\/\/hotel-software.io\/es\/wp-json\/wp\/v2\/pages\/627\/page\/2\/\"><\/div>\n\t\t\t\t<nav class=\"elementor-pagination\" aria-label=\"Paginaci\u00f3n\">\n\t\t\t<span aria-current=\"page\" class=\"page-numbers current\"><span class=\"elementor-screen-only\">P\u00e1gina<\/span>1<\/span>\n<a class=\"page-numbers\" href=\"https:\/\/hotel-software.io\/es\/wp-json\/wp\/v2\/pages\/627\/page\/2\/\"><span class=\"elementor-screen-only\">P\u00e1gina<\/span>2<\/a>\t\t<\/nav>\n\t\t\t\t\t\t<\/div>\n\t\t\t\t<\/div>\n\t\t\t\t<\/div>\n\t\t\t\t\t<\/div>\n\t\t\t\t<\/div>\n\t\t\t\t<\/div>\n\t\t","protected":false},"excerpt":{"rendered":"","protected":false},"author":5,"featured_media":0,"parent":0,"menu_order":0,"comment_status":"closed","ping_status":"closed","template":"","meta":{"footnotes":""},"class_list":["post-627","page","type-page","status-publish","hentry"],"_links":{"self":[{"href":"https:\/\/hotel-software.io\/es\/wp-json\/wp\/v2\/pages\/627","targetHints":{"allow":["GET"]}}],"collection":[{"href":"https:\/\/hotel-software.io\/es\/wp-json\/wp\/v2\/pages"}],"about":[{"href":"https:\/\/hotel-software.io\/es\/wp-json\/wp\/v2\/types\/page"}],"author":[{"embeddable":true,"href":"https:\/\/hotel-software.io\/es\/wp-json\/wp\/v2\/users\/5"}],"replies":[{"embeddable":true,"href":"https:\/\/hotel-software.io\/es\/wp-json\/wp\/v2\/comments?post=627"}],"version-history":[{"count":1,"href":"https:\/\/hotel-software.io\/es\/wp-json\/wp\/v2\/pages\/627\/revisions"}],"predecessor-version":[{"id":628,"href":"https:\/\/hotel-software.io\/es\/wp-json\/wp\/v2\/pages\/627\/revisions\/628"}],"wp:attachment":[{"href":"https:\/\/hotel-software.io\/es\/wp-json\/wp\/v2\/media?parent=627"}],"curies":[{"name":"wp","href":"https:\/\/api.w.org\/{rel}","templated":true}]}}